{"id":18281,"date":"2021-02-19T09:24:40","date_gmt":"2021-02-19T08:24:40","guid":{"rendered":"https:\/\/www.sysbus.eu\/?page_id=18281"},"modified":"2021-09-15T15:45:00","modified_gmt":"2021-09-15T13:45:00","slug":"bestellen-sie-hier-unseren-woechentlichen-sysbus-eu-newsletter","status":"publish","type":"page","link":"https:\/\/www.sysbus.eu\/?page_id=18281","title":{"rendered":"Bestellen Sie hier unseren w\u00f6chentlichen sysbus.eu Newsletter!"},"content":{"rendered":"  \n  \n  <div class=\"\n    mailpoet_form_popup_overlay\n      \"><\/div>\n  <div\n    id=\"mailpoet_form_9\"\n    class=\"\n      mailpoet_form\n      mailpoet_form_html\n      mailpoet_form_position_\n      mailpoet_form_animation_\n    \"\n      >\n\n    <style type=\"text\/css\">\n     #mailpoet_form_9 .mailpoet_form {  }\n#mailpoet_form_9 form { margin-bottom: 0; }\n#mailpoet_form_9 p.mailpoet_form_paragraph { margin-bottom: 10px; }\n#mailpoet_form_9 .mailpoet_column_with_background { padding: 10px; }\n#mailpoet_form_9 .mailpoet_form_column:not(:first-child) { margin-left: 20px; }\n#mailpoet_form_9 .mailpoet_paragraph { line-height: 20px; margin-bottom: 20px; }\n#mailpoet_form_9 .mailpoet_segment_label, #mailpoet_form_9 .mailpoet_text_label, #mailpoet_form_9 .mailpoet_textarea_label, #mailpoet_form_9 .mailpoet_select_label, #mailpoet_form_9 .mailpoet_radio_label, #mailpoet_form_9 .mailpoet_checkbox_label, #mailpoet_form_9 .mailpoet_list_label, #mailpoet_form_9 .mailpoet_date_label { display: block; font-weight: normal; }\n#mailpoet_form_9 .mailpoet_text, #mailpoet_form_9 .mailpoet_textarea, #mailpoet_form_9 .mailpoet_select, #mailpoet_form_9 .mailpoet_date_month, #mailpoet_form_9 .mailpoet_date_day, #mailpoet_form_9 .mailpoet_date_year, #mailpoet_form_9 .mailpoet_date { display: block; }\n#mailpoet_form_9 .mailpoet_text, #mailpoet_form_9 .mailpoet_textarea { width: 200px; }\n#mailpoet_form_9 .mailpoet_checkbox {  }\n#mailpoet_form_9 .mailpoet_submit {  }\n#mailpoet_form_9 .mailpoet_divider {  }\n#mailpoet_form_9 .mailpoet_message {  }\n#mailpoet_form_9 .mailpoet_form_loading { width: 30px; text-align: center; line-height: normal; }\n#mailpoet_form_9 .mailpoet_form_loading > span { width: 5px; height: 5px; background-color: #5b5b5b; }#mailpoet_form_9{border-radius: 0px;text-align: left;}#mailpoet_form_9 form.mailpoet_form {padding: 10px;}#mailpoet_form_9{width: 100%;}#mailpoet_form_9 .mailpoet_message {margin: 0; padding: 0 20px;}\n        #mailpoet_form_9 .mailpoet_validate_success {color: #00d084}\n        #mailpoet_form_9 input.parsley-success {color: #00d084}\n        #mailpoet_form_9 select.parsley-success {color: #00d084}\n        #mailpoet_form_9 textarea.parsley-success {color: #00d084}\n      \n        #mailpoet_form_9 .mailpoet_validate_error {color: #cf2e2e}\n        #mailpoet_form_9 input.parsley-error {color: #cf2e2e}\n        #mailpoet_form_9 select.parsley-error {color: #cf2e2e}\n        #mailpoet_form_9 textarea.textarea.parsley-error {color: #cf2e2e}\n        #mailpoet_form_9 .parsley-errors-list {color: #cf2e2e}\n        #mailpoet_form_9 .parsley-required {color: #cf2e2e}\n        #mailpoet_form_9 .parsley-custom-error-message {color: #cf2e2e}\n      #mailpoet_form_9 .mailpoet_paragraph.last {margin-bottom: 0} @media (max-width: 500px) {#mailpoet_form_9 {background-image: none;}} @media (min-width: 500px) {#mailpoet_form_9 .last .mailpoet_paragraph:last-child {margin-bottom: 0}}  @media (max-width: 500px) {#mailpoet_form_9 .mailpoet_form_column:last-child .mailpoet_paragraph:last-child {margin-bottom: 0}} \n    <\/style>\n\n    <form\n      target=\"_self\"\n      method=\"post\"\n      action=\"https:\/\/www.sysbus.eu\/wp-admin\/admin-post.php?action=mailpoet_subscription_form\"\n      class=\"mailpoet_form mailpoet_form_form mailpoet_form_html\"\n      novalidate\n      data-delay=\"\"\n      data-exit-intent-enabled=\"\"\n      data-font-family=\"\"\n      data-cookie-expiration-time=\"\"\n    >\n      <input type=\"hidden\" name=\"data[form_id]\" value=\"9\" \/>\n      <input type=\"hidden\" name=\"token\" value=\"556c9596dd\" \/>\n      <input type=\"hidden\" name=\"api_version\" value=\"v1\" \/>\n      <input type=\"hidden\" name=\"endpoint\" value=\"subscribers\" \/>\n      <input type=\"hidden\" name=\"mailpoet_method\" value=\"subscribe\" \/>\n\n      <label class=\"mailpoet_hp_email_label\" style=\"display: none !important;\">Bitte dieses Feld leer lassen<input type=\"email\" name=\"data[email]\"\/><\/label><div class='mailpoet_spacer' style='height: 10px;'><\/div>\n<h2 class=\"mailpoet-heading  mailpoet-has-font-size\" style=\"text-align: center; color: #0081ff; font-size: 20px; line-height: 1.5\"><span style=\"font-family: Montserrat\" data-font=\"Montserrat\" class=\"mailpoet-has-font\"><strong>Sysbus Newsletter abonnieren:<\/strong><\/span><\/h2>\n<p class=\"mailpoet_form_paragraph  mailpoet-has-font-size\" style=\"text-align: center; color: #000000; font-size: 14px; line-height: 1.5\"><strong><span style=\"font-family: Montserrat\" data-font=\"Montserrat\" class=\"mailpoet-has-font\">Hiermit erkl\u00e4re ich mich damit einverstanden, dass www.tuttiisensi.de vom Herausgeber Cezanne Publishing mir regelm\u00e4\u00dfig aktuelle News per E-Mail zusendet. Die Verarbeitung meiner Personendaten erfolgt entsprechend der Bestimmungen in unserer <a href=\"https:\/\/www.tuttiisensi.de\/?page_id=1445\">Datenschutzerkl\u00e4rung<\/a>. <br>Ich kann meine Einwilligung jederzeit widerrufen. <\/span><\/strong><\/p>\n<div class=\"mailpoet_paragraph \"><input type=\"email\" autocomplete=\"email\" class=\"mailpoet_text\" id=\"form_email_9\" name=\"data[form_field_NjY5OGYzMWRjODgzX2VtYWls]\" title=\"E-Mail-Adresse\" value=\"\" style=\"width:100%;box-sizing:border-box;background-color:#f1f1f1;border-style:solid;border-radius:40px !important;border-width:0px;border-color:#313131;padding:15px;margin: 0 auto 0 0;font-family:&#039;Montserrat&#039;;font-size:15px;line-height:1.5;height:auto;\" data-automation-id=\"form_email\"  placeholder=\"E-Mail-Adresse *\" aria-label=\"E-Mail-Adresse *\" data-parsley-errors-container=\".mailpoet_error_17duy\" data-parsley-required=\"true\" required aria-required=\"true\" data-parsley-minlength=\"6\" data-parsley-maxlength=\"150\" data-parsley-type-message=\"Dieser Wert sollte eine g\u00fcltige E-Mail-Adresse sein.\" data-parsley-required-message=\"Dieses Feld wird ben\u00f6tigt.\"\/><span class=\"mailpoet_error_17duy\"><\/span><\/div>\n<div class=\"mailpoet_paragraph \"><input type=\"submit\" class=\"mailpoet_submit\" value=\"Abonnement Newsletter\" data-automation-id=\"subscribe-submit-button\" data-font-family='Montserrat' style=\"width:100%;box-sizing:border-box;background-color:#0081ff;border-style:solid;border-radius:40px !important;border-width:0px;border-color:#313131;padding:15px;margin: 0 auto 0 0;font-family:&#039;Montserrat&#039;;font-size:15px;line-height:1.5;height:auto;color:#ffffff;font-weight:bold;\" \/><span class=\"mailpoet_form_loading\"><span class=\"mailpoet_bounce1\"><\/span><span class=\"mailpoet_bounce2\"><\/span><span class=\"mailpoet_bounce3\"><\/span><\/span><\/div>\n<p class=\"mailpoet_form_paragraph  mailpoet-has-font-size\" style=\"text-align: center; font-size: 13px; line-height: 1.5\"><em>Wir senden keinen Spam! Erfahre mehr in unserer <a href=\"#\">Datenschutzerkl\u00e4rung<\/a>.<\/em><\/p>\n\n      <div class=\"mailpoet_message\">\n        <p class=\"mailpoet_validate_success\"\n                style=\"display:none;\"\n                >Pr\u00fcfe deinen Posteingang oder Spam-Ordner, um dein Abonnement zu best\u00e4tigen.\n        <\/p>\n        <p class=\"mailpoet_validate_error\"\n                style=\"display:none;\"\n                >        <\/p>\n      <\/div>\n    <\/form>\n\n      <\/div>\n\n  ","protected":false},"excerpt":{"rendered":"","protected":false},"author":81,"featured_media":0,"parent":0,"menu_order":0,"comment_status":"closed","ping_status":"closed","template":"","meta":{"colormag_page_container_layout":"default_layout","colormag_page_sidebar_layout":"default_layout","footnotes":""},"class_list":["post-18281","page","type-page","status-publish","hentry"],"amp_enabled":true,"_links":{"self":[{"href":"https:\/\/www.sysbus.eu\/index.php?rest_route=\/wp\/v2\/pages\/18281","targetHints":{"allow":["GET"]}}],"collection":[{"href":"https:\/\/www.sysbus.eu\/index.php?rest_route=\/wp\/v2\/pages"}],"about":[{"href":"https:\/\/www.sysbus.eu\/index.php?rest_route=\/wp\/v2\/types\/page"}],"author":[{"embeddable":true,"href":"https:\/\/www.sysbus.eu\/index.php?rest_route=\/wp\/v2\/users\/81"}],"replies":[{"embeddable":true,"href":"https:\/\/www.sysbus.eu\/index.php?rest_route=%2Fwp%2Fv2%2Fcomments&post=18281"}],"version-history":[{"count":4,"href":"https:\/\/www.sysbus.eu\/index.php?rest_route=\/wp\/v2\/pages\/18281\/revisions"}],"predecessor-version":[{"id":19692,"href":"https:\/\/www.sysbus.eu\/index.php?rest_route=\/wp\/v2\/pages\/18281\/revisions\/19692"}],"wp:attachment":[{"href":"https:\/\/www.sysbus.eu\/index.php?rest_route=%2Fwp%2Fv2%2Fmedia&parent=18281"}],"curies":[{"name":"wp","href":"https:\/\/api.w.org\/{rel}","templated":true}]}}