{"id":13295,"date":"2018-10-03T12:17:51","date_gmt":"2018-10-03T10:17:51","guid":{"rendered":"https:\/\/www.sysbus.eu\/?page_id=13295"},"modified":"2024-06-28T12:51:52","modified_gmt":"2024-06-28T10:51:52","slug":"das-iait-testlabor-the-iait-testlab","status":"publish","type":"page","link":"https:\/\/www.sysbus.eu\/?page_id=13295","title":{"rendered":"IT-Testlab Dr. G\u00fcttich"},"content":{"rendered":"\n<p>Direkter Link zu unseren Testangeboten\/Direct Link to our test offers: <\/p>\n\n\n\n<div data-wp-interactive=\"core\/file\" class=\"wp-block-file\"><object data-wp-bind--hidden=\"!state.hasPdfPreview\" hidden class=\"wp-block-file__embed\" data=\"https:\/\/www.sysbus.eu\/wp-content\/uploads\/2024\/06\/ITTestlab_DrGuettich_TestsReviews_Tarif_RateCard_2425_260624-1.pdf\" type=\"application\/pdf\" style=\"width:100%;height:600px\" aria-label=\"Einbettung von ITTestlab_DrGuettich_TestsReviews_Tarif_RateCard_2425_260624.\"><\/object><a id=\"wp-block-file--media-1011eec5-d3ae-4682-babd-516171ab6d91\" href=\"https:\/\/www.sysbus.eu\/wp-content\/uploads\/2024\/06\/ITTestlab_DrGuettich_TestsReviews_Tarif_RateCard_2425_260624-1.pdf\">ITTestlab_DrGuettich_TestsReviews_Tarif_RateCard_2425_260624<\/a><a href=\"https:\/\/www.sysbus.eu\/wp-content\/uploads\/2024\/06\/ITTestlab_DrGuettich_TestsReviews_Tarif_RateCard_2425_260624-1.pdf\" class=\"wp-block-file__button wp-element-button\" download aria-describedby=\"wp-block-file--media-1011eec5-d3ae-4682-babd-516171ab6d91\">Herunterladen<\/a><\/div>\n\n\n\n<figure class=\"wp-block-image\"><a href=\"https:\/\/www.sysbus.eu\/wp-content\/uploads\/2019\/01\/Test_LogoItTestlab.jpg\"><img loading=\"lazy\" decoding=\"async\" width=\"300\" height=\"125\" src=\"https:\/\/www.sysbus.eu\/wp-content\/uploads\/2019\/01\/Test_LogoItTestlab-300x125.jpg\" alt=\"\" class=\"wp-image-13832\" srcset=\"https:\/\/www.sysbus.eu\/wp-content\/uploads\/2019\/01\/Test_LogoItTestlab-300x125.jpg 300w, https:\/\/www.sysbus.eu\/wp-content\/uploads\/2019\/01\/Test_LogoItTestlab.jpg 443w\" sizes=\"auto, (max-width: 300px) 100vw, 300px\" \/><\/a><\/figure>\n\n\n\n<p>\u201cWorking with the IT Testlab is highly valuable and Dr. G\u00fcttich brings significant attention to product detail from a practitioner\u2019s point. Their technical knowledge and evaluation methods are impressive, which makes the product test results for end users extremely useful.&nbsp; The team is very professional, reliable and responsive. As the testlab is independent and can operate products with little support from our side, they make the whole process easy and provided thorough feedback. I highly recommend the IT-Testlab.\u201c &#8211; Scott Gordon, Chief Marketing Officer at Pulse Secure<\/p>\n\n\n\n<figure class=\"wp-block-image\"><img loading=\"lazy\" decoding=\"async\" width=\"289\" height=\"73\" src=\"https:\/\/www.sysbus.eu\/wp-content\/uploads\/2019\/05\/Pulse-Secure-Logo-Small.jpg\" alt=\"\" class=\"wp-image-14373\"\/><\/figure>\n\n\n<p><strong>For English version see further down.<\/strong><\/p>\n<p><span style=\"font-size: 16px;\">Im IT-Testlab Dr. G\u00fcttich werden im Auftrag von Herstellern Systeme und Anwendungen unter die Lupe genommen sowie im praktischen Einsatz getestet und gepr\u00fcft. Der daraus resultierende Artikel wird &#8211; je nach gebuchter Variante &#8211; bis zu zweimal im redaktionellen Umfeld professioneller IT-Medien ver\u00f6ffentlicht. Bei diesen Medien handelt es sich entweder um die Insider-Portale mit insgesamt 1,6 Millionen Page Impressions pro Monat, oder um das Portal <a href=\"http:\/\/www.it-administrator.de\">www.it-administrator.de<\/a> (mit zirka 200.000 Page Impressions im Monat). Dazu kommt noch unser eigenes Portal <a href=\"http:\/\/www.sysbus.eu\">www.sysbus.eu<\/a> (mit \u00fcber 230.000 Page Impressions im Monat).\u00a0<\/span><\/p>\n<p>Ein Produkttest in unserem Testlabor ergibt f\u00fcr Kunden dar\u00fcber hinaus auch aus vielf\u00e4ltigen anderen Gr\u00fcnden Sinn:<\/p>\n<ul>\n<li>25 Jahre Know-How von Dr. G\u00f6tz G\u00fcttich in den Bereichen Journalismus und IT-Testverfahren<\/li>\n<li>Der Kunde entscheidet, welche Funktionen seines Produkts im Testfokus stehen sollen<\/li>\n<li>Vor jeder Ver\u00f6ffentlichung technische Freigabe durch den Kunden, es wird also nichts publiziert, was dieser nicht f\u00fcr korrekt befunden hat<\/li>\n<li>Der Text kann nach Erstver\u00f6ffentlichung durch den Kunden frei weiterverwendet werden, beispielsweise f\u00fcr seine Webseite und seine Marketing-Unterlagen<\/li>\n<li>Der Kunde erh\u00e4lt ein Testsiegel &#8222;IT-Testlab Dr. G\u00fcttich&#8220; oder &#8222;Sysbus&#8220; zur weiteren Verwendung f\u00fcr Verpackung, Marketing und PR<\/li>\n<\/ul>\n<p>Links zu unseren Testberichten finden Sie hier: <a href=\"https:\/\/www.sysbus.eu\/?cat=9\">https:\/\/www.sysbus.eu\/?cat=9<\/a>.<\/p>\n<p>Gerne erl\u00e4utern wir Ihnen unser Angebot in einem Telefonat oder pers\u00f6nlichen Gespr\u00e4ch.<\/p>\n<p>Direkter Kontakt\/Direct Contact: Dr. G\u00f6tz G\u00fcttich + Denise C\u00e9zanne-G\u00fcttich\u00a0 +49 (0)2182 578 39 83 <a href=\"mailto:denise@ittestlab.de\">denise@ittestlab.de<\/a><\/p>\n\n\n<p><strong>English Version:<\/strong><\/p>\n\n\n\n<p>In the IT-Testlab Dr. G\u00fcttich, systems and applications are tested in practice and analysed. The resulting article will be published &#8211; depending of the booked format &#8211; in up to two publications in the field of professional IT media. These publications include either the insider portals of Vogel IT with 1,6 million page impressions per month or the portal <a href=\"http:\/\/www.it-administrator.de\">www.it-administrator.de<\/a> (with approx. 200,000 page impressions per month). In addition to that it will appear on our own portal <a href=\"http:\/\/www.sysbus.eu\">www.sysbus.eu<\/a> (with over 230,000 page impressions per month). <\/p>\n\n\n\n<p>For strategic planning, a product test in our test lab offers itself for a variety of reasons:<\/p>\n\n\n\n<ul class=\"wp-block-list\">\n<li>25 years experience of Dr. G\u00f6tz G\u00fcttich in the areas of journalism and IT testing<\/li>\n\n\n\n<li>The customer decides which product and which functions shall be focussed in the test<\/li>\n\n\n\n<li>For each article technical approval by the customer, so nothing is published that was not found correct beforehand<\/li>\n\n\n\n<li>The text may be used by the customer after first publication, e. g. for his website or his marketing material<\/li>\n\n\n\n<li>The customer receives the Test logo &#8222;IT-Testlab Dr. G\u00fcttich&#8220; or &#8222;Sysbus&#8220;&nbsp; for further use in packaging, marketing and PR<\/li>\n<\/ul>\n\n\n\n<p>Links to our test reports can be found here: <a href=\"https:\/\/www.sysbus.eu\/?cat=9\">https:\/\/www.sysbus.eu\/?cat=9<\/a><\/p>\n\n\n\n<p>We would be happy to explain our offer in a phone call or personal conversation.<\/p>\n\n\n\n<p>Direct contact \/ direct contact: Dr. G\u00f6tz G\u00fcttich + Denise C\u00e9zanne-G\u00fcttich<br>+49 (0) 2182 578 39 83 <a href=\"mailto:denise@iait.eu\">denise@ittestlab.de<\/a><\/p>\n\n\n\n<p>Die von im IT-Testlab Dr. G\u00fcttich durchgef\u00fchrten Tests erscheinen unter anderem bei folgenden Online-Portalen:<br>Producttests are also published in the following platforms:<\/p>\n\n\n\n<ul class=\"wp-block-list\">\n<li><a href=\"https:\/\/www.bigdata-insider.de\/\" target=\"_blank\" rel=\"noreferrer noopener\">www.bigdata-insider.de<\/a><\/li>\n\n\n\n<li><a href=\"http:\/\/www.cloudcomputing-insider.de\">www.cloudcomputing-insider.de<\/a>, <\/li>\n\n\n\n<li><a href=\"https:\/\/www.datacenter-insider.de\/\" target=\"_blank\" rel=\"noreferrer noopener\">www.datacenter-insider.de<\/a><\/li>\n\n\n\n<li><a href=\"https:\/\/www.ip-insider.de\/\" target=\"_blank\" rel=\"noreferrer noopener\">www.ip-insider.de<\/a><\/li>\n\n\n\n<li><a href=\"https:\/\/www.it-administrator.de\" target=\"_blank\" rel=\"noreferrer noopener\">www.it-administrator.de<\/a><\/li>\n\n\n\n<li><a href=\"http:\/\/www.it-business.de\">www.it-business.de<\/a><\/li>\n\n\n\n<li><a href=\"https:\/\/www.security-insider.de\/\" target=\"_blank\" rel=\"noreferrer noopener\">www.security-insider.de<\/a><\/li>\n\n\n\n<li><a href=\"https:\/\/www.storage-insider.de\/\" target=\"_blank\" rel=\"noreferrer noopener\">www.storage-insider.de<\/a><\/li>\n<\/ul>\n","protected":false},"excerpt":{"rendered":"<p>Direkter Link zu unseren Testangeboten\/Direct Link to our test offers: \u201cWorking with the IT Testlab is highly valuable and Dr.<\/p>\n","protected":false},"author":1,"featured_media":0,"parent":0,"menu_order":0,"comment_status":"closed","ping_status":"closed","template":"","meta":{"colormag_page_container_layout":"default_layout","colormag_page_sidebar_layout":"default_layout","footnotes":""},"class_list":["post-13295","page","type-page","status-publish","hentry"],"amp_enabled":true,"_links":{"self":[{"href":"https:\/\/www.sysbus.eu\/index.php?rest_route=\/wp\/v2\/pages\/13295","targetHints":{"allow":["GET"]}}],"collection":[{"href":"https:\/\/www.sysbus.eu\/index.php?rest_route=\/wp\/v2\/pages"}],"about":[{"href":"https:\/\/www.sysbus.eu\/index.php?rest_route=\/wp\/v2\/types\/page"}],"author":[{"embeddable":true,"href":"https:\/\/www.sysbus.eu\/index.php?rest_route=\/wp\/v2\/users\/1"}],"replies":[{"embeddable":true,"href":"https:\/\/www.sysbus.eu\/index.php?rest_route=%2Fwp%2Fv2%2Fcomments&post=13295"}],"version-history":[{"count":45,"href":"https:\/\/www.sysbus.eu\/index.php?rest_route=\/wp\/v2\/pages\/13295\/revisions"}],"predecessor-version":[{"id":27020,"href":"https:\/\/www.sysbus.eu\/index.php?rest_route=\/wp\/v2\/pages\/13295\/revisions\/27020"}],"wp:attachment":[{"href":"https:\/\/www.sysbus.eu\/index.php?rest_route=%2Fwp%2Fv2%2Fmedia&parent=13295"}],"curies":[{"name":"wp","href":"https:\/\/api.w.org\/{rel}","templated":true}]}}